{"id":3299,"date":"2024-07-10T13:09:17","date_gmt":"2024-07-10T19:09:17","guid":{"rendered":"https:\/\/pulpoestudio.agency\/?page_id=3299"},"modified":"2026-04-08T21:12:02","modified_gmt":"2026-04-08T19:12:02","slug":"mi-cuenta","status":"publish","type":"page","link":"https:\/\/pulpoestudio.store\/en\/mi-cuenta\/","title":{"rendered":"Mi cuenta"},"content":{"rendered":"<div data-elementor-type=\"wp-page\" data-elementor-id=\"3299\" class=\"elementor elementor-3299\" data-elementor-settings=\"{&quot;ha_cmc_init_switcher&quot;:&quot;no&quot;}\" data-elementor-post-type=\"page\">\n\t\t\t\t<div class=\"elementor-element elementor-element-5123b21 e-flex e-con-boxed e-con e-parent\" data-id=\"5123b21\" data-element_type=\"container\" data-e-type=\"container\">\n\t\t\t\t\t<div class=\"e-con-inner\">\n\t\t<div class=\"elementor-element elementor-element-1906a7d e-con-full e-flex e-con e-child\" data-id=\"1906a7d\" data-element_type=\"container\" data-e-type=\"container\">\n\t\t\t\t<div class=\"elementor-element elementor-element-8c9bbd8 elementor-widget elementor-widget-heading\" data-id=\"8c9bbd8\" data-element_type=\"widget\" data-e-type=\"widget\" data-widget_type=\"heading.default\">\n\t\t\t\t\t<h2 class=\"elementor-heading-title elementor-size-default\">My Account<\/h2>\t\t\t\t<\/div>\n\t\t\t\t<div class=\"elementor-element elementor-element-681c14c premium-type-row elementor-hidden-tablet elementor-hidden-mobile elementor-widget elementor-widget-premium-icon-list\" data-id=\"681c14c\" data-element_type=\"widget\" data-e-type=\"widget\" data-settings=\"{&quot;premium_icon_list_animation&quot;:&quot;fadeInDown&quot;,&quot;rbadges_repeater&quot;:[],&quot;premium_icon_list_animation_delay&quot;:0}\" data-widget_type=\"premium-icon-list.default\">\n\t\t\t\t\t\t\t\t<ul class=\"premium-bullet-list-box\" data-list-animation=\"fadeInDown animated-\">\n\t\t\n\t\t\t<li class=\"premium-bullet-list-content elementor-repeater-item-66dd041 premium-bullet-list-content-grow-effect\" data-delay=\"0\">\n\t\t\t\t<div class=\"premium-bullet-list-text\">\n\t\t\t\t\t\t\t\t<div class=\"premium-bullet-list-wrapper\">\n\t\t\t\t\t<div class=\"premium-drawable-icon\"><i class=\"premium-svg-nodraw iconmy icon-myfi-rr-user\" aria-hidden=\"true\"><\/i><\/div>\t\t\t\t<\/div>\n\t\t\t\t\t\t\t\t<div class=\"premium-bullet-list-text-wrapper\">\n\t\t\t\t\t<span class=\"premium-bullet-text\" data-text=\"Mis Datos\"> My Data <\/span>\t\t\t\t\t\t\t\t\t<\/div>\n\t\t\t\t<\/div>\n\n\t\t\t\t\n\t\t\t\t\t\t\t\t\t<a class=\"premium-bullet-list-link\" aria-label=\"My Data\" href=\"https:\/\/pulpoestudio.store\/en\/mi-cuenta\/\">\n\t\t\t\t\t\t<span>My Data<\/span>\n\t\t\t\t\t<\/a>\n\t\t\t\t\n\t\t\t<\/li>\n\n\t\t\t\t\t\t\t\t\t\t<div class=\"premium-bullet-list-divider-inline\"><\/div>\n\t\t\t\t\t\n\t\t\t<li class=\"premium-bullet-list-content elementor-repeater-item-ddab529 premium-bullet-list-content-grow-effect\" data-delay=\"0\">\n\t\t\t\t<div class=\"premium-bullet-list-text\">\n\t\t\t\t\t\t\t\t<div class=\"premium-bullet-list-wrapper\">\n\t\t\t\t\t<div class=\"premium-drawable-icon\"><i class=\"premium-svg-nodraw iconmy icon-myfi-rr-map-pin\" aria-hidden=\"true\"><\/i><\/div>\t\t\t\t<\/div>\n\t\t\t\t\t\t\t\t<div class=\"premium-bullet-list-text-wrapper\">\n\t\t\t\t\t<span class=\"premium-bullet-text\" data-text=\"Direcciones\"> Addresses <\/span>\t\t\t\t\t\t\t\t\t<\/div>\n\t\t\t\t<\/div>\n\n\t\t\t\t\n\t\t\t\t\t\t\t\t\t<a class=\"premium-bullet-list-link\" aria-label=\"Addresses\" href=\"https:\/\/pulpoestudio.store\/en\/mi-cuenta\/edit-address\/\">\n\t\t\t\t\t\t<span>Addresses<\/span>\n\t\t\t\t\t<\/a>\n\t\t\t\t\n\t\t\t<\/li>\n\n\t\t\t\t\t\t\t\t\t\t<div class=\"premium-bullet-list-divider-inline premium-bullet-list-divider-inline\"><\/div>\n\t\t\t\t\t\n\t\t\t<li class=\"premium-bullet-list-content elementor-repeater-item-d802c26 premium-bullet-list-content-grow-effect\" data-delay=\"0\">\n\t\t\t\t<div class=\"premium-bullet-list-text\">\n\t\t\t\t\t\t\t\t<div class=\"premium-bullet-list-wrapper\">\n\t\t\t\t\t<div class=\"premium-drawable-icon\"><i class=\"premium-svg-nodraw iconmy icon-myfi-rr-shopping-cart\" aria-hidden=\"true\"><\/i><\/div>\t\t\t\t<\/div>\n\t\t\t\t\t\t\t\t<div class=\"premium-bullet-list-text-wrapper\">\n\t\t\t\t\t<span class=\"premium-bullet-text\" data-text=\"Pedidos\"> Orders <\/span>\t\t\t\t\t\t\t\t\t<\/div>\n\t\t\t\t<\/div>\n\n\t\t\t\t\n\t\t\t\t\t\t\t\t\t<a class=\"premium-bullet-list-link\" aria-label=\"Orders\" href=\"https:\/\/pulpoestudio.store\/en\/mi-cuenta\/orders\/\">\n\t\t\t\t\t\t<span>Orders<\/span>\n\t\t\t\t\t<\/a>\n\t\t\t\t\n\t\t\t<\/li>\n\n\t\t\t\t\t\t\t\t\t\t<div class=\"premium-bullet-list-divider-inline premium-bullet-list-divider-inline premium-bullet-list-divider-inline\"><\/div>\n\t\t\t\t\t\n\t\t\t<li class=\"premium-bullet-list-content elementor-repeater-item-4e0df3e premium-bullet-list-content-grow-effect\" data-delay=\"0\">\n\t\t\t\t<div class=\"premium-bullet-list-text\">\n\t\t\t\t\t\t\t\t<div class=\"premium-bullet-list-wrapper\">\n\t\t\t\t\t<div class=\"premium-drawable-icon\"><i class=\"premium-svg-nodraw iconmy icon-myfi-rr-sign-out-alt\" aria-hidden=\"true\"><\/i><\/div>\t\t\t\t<\/div>\n\t\t\t\t\t\t\t\t<div class=\"premium-bullet-list-text-wrapper\">\n\t\t\t\t\t<span class=\"premium-bullet-text\" data-text=\"Cerrar Sesi\u00f3n\"> Log Out <\/span>\t\t\t\t\t\t\t\t\t<\/div>\n\t\t\t\t<\/div>\n\n\t\t\t\t\n\t\t\t\t\t\t\t\t\t<a class=\"premium-bullet-list-link\" aria-label=\"Log Out\" href=\"https:\/\/pulpoestudio.store\/en\/mi-cuenta\/customer-logout\/?_wpnonce=876b81875d\">\n\t\t\t\t\t\t<span>Log Out<\/span>\n\t\t\t\t\t<\/a>\n\t\t\t\t\n\t\t\t<\/li>\n\n\t\t\t\t\t\t\t\t\t\t<div class=\"premium-bullet-list-divider-inline premium-bullet-list-divider-inline premium-bullet-list-divider-inline premium-bullet-list-divider-inline\"><\/div>\n\t\t\t\t\t\t\t<\/ul>\n\t\t\t\t\t\t<\/div>\n\t\t\t\t<div class=\"elementor-element elementor-element-70878bc premium-type-row premium-mobile-type-column elementor-hidden-desktop elementor-widget elementor-widget-premium-icon-list\" data-id=\"70878bc\" data-element_type=\"widget\" data-e-type=\"widget\" data-settings=\"{&quot;premium_icon_list_animation&quot;:&quot;fadeInDown&quot;,&quot;rbadges_repeater&quot;:[],&quot;premium_icon_list_animation_delay&quot;:0}\" data-widget_type=\"premium-icon-list.default\">\n\t\t\t\t\t\t\t\t<ul class=\"premium-bullet-list-box\" data-list-animation=\"fadeInDown animated-\">\n\t\t\n\t\t\t<li class=\"premium-bullet-list-content elementor-repeater-item-66dd041 premium-bullet-list-content-grow-effect\" data-delay=\"0\">\n\t\t\t\t<div class=\"premium-bullet-list-text\">\n\t\t\t\t\t\t\t\t<div class=\"premium-bullet-list-wrapper\">\n\t\t\t\t\t<div class=\"premium-drawable-icon\"><i class=\"premium-svg-nodraw iconmy icon-myfi-rr-user\" aria-hidden=\"true\"><\/i><\/div>\t\t\t\t<\/div>\n\t\t\t\t\t\t\t\t<div class=\"premium-bullet-list-text-wrapper\">\n\t\t\t\t\t<span class=\"premium-bullet-text\" data-text=\"Mis Datos\"> My Data <\/span>\t\t\t\t\t\t\t\t\t<\/div>\n\t\t\t\t<\/div>\n\n\t\t\t\t\n\t\t\t\t\t\t\t\t\t<a class=\"premium-bullet-list-link\" aria-label=\"My Data\" href=\"https:\/\/pulpoestudio.store\/en\/mi-cuenta\/\">\n\t\t\t\t\t\t<span>My Data<\/span>\n\t\t\t\t\t<\/a>\n\t\t\t\t\n\t\t\t<\/li>\n\n\t\t\t\t\n\t\t\t<li class=\"premium-bullet-list-content elementor-repeater-item-ddab529 premium-bullet-list-content-grow-effect\" data-delay=\"0\">\n\t\t\t\t<div class=\"premium-bullet-list-text\">\n\t\t\t\t\t\t\t\t<div class=\"premium-bullet-list-wrapper\">\n\t\t\t\t\t<div class=\"premium-drawable-icon\"><i class=\"premium-svg-nodraw iconmy icon-myfi-rr-map-pin\" aria-hidden=\"true\"><\/i><\/div>\t\t\t\t<\/div>\n\t\t\t\t\t\t\t\t<div class=\"premium-bullet-list-text-wrapper\">\n\t\t\t\t\t<span class=\"premium-bullet-text\" data-text=\"Direcciones\"> Addresses <\/span>\t\t\t\t\t\t\t\t\t<\/div>\n\t\t\t\t<\/div>\n\n\t\t\t\t\n\t\t\t\t\t\t\t\t\t<a class=\"premium-bullet-list-link\" aria-label=\"Addresses\" href=\"https:\/\/pulpoestudio.store\/en\/mi-cuenta\/edit-address\/\">\n\t\t\t\t\t\t<span>Addresses<\/span>\n\t\t\t\t\t<\/a>\n\t\t\t\t\n\t\t\t<\/li>\n\n\t\t\t\t\n\t\t\t<li class=\"premium-bullet-list-content elementor-repeater-item-d802c26 premium-bullet-list-content-grow-effect\" data-delay=\"0\">\n\t\t\t\t<div class=\"premium-bullet-list-text\">\n\t\t\t\t\t\t\t\t<div class=\"premium-bullet-list-wrapper\">\n\t\t\t\t\t<div class=\"premium-drawable-icon\"><i class=\"premium-svg-nodraw iconmy icon-myfi-rr-shopping-cart\" aria-hidden=\"true\"><\/i><\/div>\t\t\t\t<\/div>\n\t\t\t\t\t\t\t\t<div class=\"premium-bullet-list-text-wrapper\">\n\t\t\t\t\t<span class=\"premium-bullet-text\" data-text=\"Pedidos\"> Orders <\/span>\t\t\t\t\t\t\t\t\t<\/div>\n\t\t\t\t<\/div>\n\n\t\t\t\t\n\t\t\t\t\t\t\t\t\t<a class=\"premium-bullet-list-link\" aria-label=\"Orders\" href=\"https:\/\/pulpoestudio.store\/en\/mi-cuenta\/orders\/\">\n\t\t\t\t\t\t<span>Orders<\/span>\n\t\t\t\t\t<\/a>\n\t\t\t\t\n\t\t\t<\/li>\n\n\t\t\t\t\n\t\t\t<li class=\"premium-bullet-list-content elementor-repeater-item-4e0df3e premium-bullet-list-content-grow-effect\" data-delay=\"0\">\n\t\t\t\t<div class=\"premium-bullet-list-text\">\n\t\t\t\t\t\t\t\t<div class=\"premium-bullet-list-wrapper\">\n\t\t\t\t\t<div class=\"premium-drawable-icon\"><i class=\"premium-svg-nodraw iconmy icon-myfi-rr-sign-out-alt\" aria-hidden=\"true\"><\/i><\/div>\t\t\t\t<\/div>\n\t\t\t\t\t\t\t\t<div class=\"premium-bullet-list-text-wrapper\">\n\t\t\t\t\t<span class=\"premium-bullet-text\" data-text=\"Cerrar Sesi\u00f3n\"> Log Out <\/span>\t\t\t\t\t\t\t\t\t<\/div>\n\t\t\t\t<\/div>\n\n\t\t\t\t\n\t\t\t\t\t\t\t\t\t<a class=\"premium-bullet-list-link\" aria-label=\"Log Out\" href=\"https:\/\/pulpoestudio.store\/en\/mi-cuenta\/customer-logout\/?_wpnonce=876b81875d\">\n\t\t\t\t\t\t<span>Log Out<\/span>\n\t\t\t\t\t<\/a>\n\t\t\t\t\n\t\t\t<\/li>\n\n\t\t\t\t\t\t<\/ul>\n\t\t\t\t\t\t<\/div>\n\t\t\t\t<div class=\"elementor-element elementor-element-9cf2001 elementor-widget-divider--view-line elementor-widget elementor-widget-divider\" data-id=\"9cf2001\" data-element_type=\"widget\" data-e-type=\"widget\" data-widget_type=\"divider.default\">\n\t\t\t\t\t\t\t<div class=\"elementor-divider\">\n\t\t\t<span class=\"elementor-divider-separator\">\n\t\t\t\t\t\t<\/span>\n\t\t<\/div>\n\t\t\t\t\t\t<\/div>\n\t\t\t\t<div class=\"elementor-element elementor-element-8b56108 e-my-account-tabs-horizontal elementor-widget elementor-widget-woocommerce-my-account\" data-id=\"8b56108\" data-element_type=\"widget\" data-e-type=\"widget\" data-settings=\"{&quot;tables_button_hover_animation&quot;:&quot;shrink&quot;}\" data-widget_type=\"woocommerce-my-account.default\">\n\t\t\t\t\t<div class=\"e-my-account-tab e-my-account-tab__\">\t\t\t<div class=\"woocommerce\"><\/div>\t\t<\/div>\n\t\t\t\t\t\t<\/div>\n\t\t\t\t<\/div>\n\t\t\t\t\t<\/div>\n\t\t\t\t<\/div>\n\t\t\t\t<\/div>","protected":false},"excerpt":{"rendered":"<p>Mi Cuenta Mis Datos Mis Datos Direcciones Direcciones Pedidos Pedidos Cerrar Sesi\u00f3n Cerrar Sesi\u00f3n Mis Datos Mis Datos Direcciones Direcciones Pedidos Pedidos Cerrar Sesi\u00f3n Cerrar Sesi\u00f3n Dashboard Orders Downloads Addresses Payment methods Account Details Logout Dashboard Orders Downloads Addresses Payment methods Account Details Logout Hello loustaunau (not loustaunau? Log out) From your account dashboard you [&hellip;]<\/p>\n","protected":false},"author":1,"featured_media":0,"parent":0,"menu_order":0,"comment_status":"closed","ping_status":"closed","template":"","meta":{"rs_blank_template":"","rs_page_bg_color":"","slide_template_v7":"","_joinchat":[],"footnotes":""},"class_list":["post-3299","page","type-page","status-publish","hentry"],"_links":{"self":[{"href":"https:\/\/pulpoestudio.store\/en\/wp-json\/wp\/v2\/pages\/3299","targetHints":{"allow":["GET"]}}],"collection":[{"href":"https:\/\/pulpoestudio.store\/en\/wp-json\/wp\/v2\/pages"}],"about":[{"href":"https:\/\/pulpoestudio.store\/en\/wp-json\/wp\/v2\/types\/page"}],"author":[{"embeddable":true,"href":"https:\/\/pulpoestudio.store\/en\/wp-json\/wp\/v2\/users\/1"}],"replies":[{"embeddable":true,"href":"https:\/\/pulpoestudio.store\/en\/wp-json\/wp\/v2\/comments?post=3299"}],"version-history":[{"count":16,"href":"https:\/\/pulpoestudio.store\/en\/wp-json\/wp\/v2\/pages\/3299\/revisions"}],"predecessor-version":[{"id":5141,"href":"https:\/\/pulpoestudio.store\/en\/wp-json\/wp\/v2\/pages\/3299\/revisions\/5141"}],"wp:attachment":[{"href":"https:\/\/pulpoestudio.store\/en\/wp-json\/wp\/v2\/media?parent=3299"}],"curies":[{"name":"wp","href":"https:\/\/api.w.org\/{rel}","templated":true}]}}